{"id":241,"date":"2022-04-04T13:19:27","date_gmt":"2022-04-04T11:19:27","guid":{"rendered":"https:\/\/www.lepetitbedon.be\/menu-ptit-bedon\/"},"modified":"2026-03-19T16:47:12","modified_gmt":"2026-03-19T15:47:12","slug":"menu-ptit-bedon","status":"publish","type":"page","link":"https:\/\/www.lepetitbedon.be\/fr\/menu-ptit-bedon\/","title":{"rendered":"Menu P&rsquo;tit Bedon"},"content":{"rendered":"\t\t<div data-elementor-type=\"wp-page\" data-elementor-id=\"241\" class=\"elementor elementor-241 elementor-18\" data-elementor-post-type=\"page\">\n\t\t\t\t\t\t<section class=\"elementor-section elementor-top-section elementor-element elementor-element-b4fc260 elementor-section-height-min-height elementor-section-boxed elementor-section-height-default elementor-section-items-middle\" data-id=\"b4fc260\" data-element_type=\"section\" data-e-type=\"section\" data-settings=\"{&quot;background_background&quot;:&quot;classic&quot;}\">\n\t\t\t\t\t\t\t<div class=\"elementor-background-overlay\"><\/div>\n\t\t\t\t\t\t\t<div class=\"elementor-container elementor-column-gap-default\">\n\t\t\t\t\t<div class=\"elementor-column elementor-col-100 elementor-top-column elementor-element elementor-element-1bba549\" data-id=\"1bba549\" data-element_type=\"column\" data-e-type=\"column\">\n\t\t\t<div class=\"elementor-widget-wrap elementor-element-populated\">\n\t\t\t\t\t\t<div class=\"elementor-element elementor-element-c661936 elementor-invisible elementor-widget elementor-widget-heading\" data-id=\"c661936\" data-element_type=\"widget\" data-e-type=\"widget\" data-settings=\"{&quot;_animation&quot;:&quot;fadeInDown&quot;}\" data-widget_type=\"heading.default\">\n\t\t\t\t<div class=\"elementor-widget-container\">\n\t\t\t\t\t<h2 class=\"elementor-heading-title elementor-size-default\">Menu P&rsquo;tit Bedon<\/h2>\t\t\t\t<\/div>\n\t\t\t\t<\/div>\n\t\t\t\t\t<\/div>\n\t\t<\/div>\n\t\t\t\t\t<\/div>\n\t\t<\/section>\n\t\t\t\t<section class=\"elementor-section elementor-top-section elementor-element elementor-element-35a8757a elementor-section-boxed elementor-section-height-default elementor-section-height-default\" data-id=\"35a8757a\" data-element_type=\"section\" data-e-type=\"section\" data-settings=\"{&quot;background_background&quot;:&quot;classic&quot;}\">\n\t\t\t\t\t\t\t<div class=\"elementor-background-overlay\"><\/div>\n\t\t\t\t\t\t\t<div class=\"elementor-container elementor-column-gap-default\">\n\t\t\t\t\t<div class=\"elementor-column elementor-col-100 elementor-top-column elementor-element elementor-element-48a1c0b8 elementor-invisible\" data-id=\"48a1c0b8\" data-element_type=\"column\" data-e-type=\"column\" data-settings=\"{&quot;animation&quot;:&quot;fadeInUp&quot;}\">\n\t\t\t<div class=\"elementor-widget-wrap elementor-element-populated\">\n\t\t\t\t\t\t<div class=\"elementor-element elementor-element-282da0b8 elementor-widget elementor-widget-heading\" data-id=\"282da0b8\" data-element_type=\"widget\" data-e-type=\"widget\" data-widget_type=\"heading.default\">\n\t\t\t\t<div class=\"elementor-widget-container\">\n\t\t\t\t\t<h4 class=\"elementor-heading-title elementor-size-default\">Starters<\/h4>\t\t\t\t<\/div>\n\t\t\t\t<\/div>\n\t\t\t\t<div class=\"elementor-element elementor-element-ea1efd3 elementor-widget-divider--view-line elementor-widget elementor-widget-divider\" data-id=\"ea1efd3\" data-element_type=\"widget\" data-e-type=\"widget\" data-widget_type=\"divider.default\">\n\t\t\t\t<div class=\"elementor-widget-container\">\n\t\t\t\t\t\t\t<div class=\"elementor-divider\">\n\t\t\t<span class=\"elementor-divider-separator\">\n\t\t\t\t\t\t<\/span>\n\t\t<\/div>\n\t\t\t\t\t\t<\/div>\n\t\t\t\t<\/div>\n\t\t\t\t<div class=\"elementor-element elementor-element-e170a7a elementor-widget elementor-widget-text-editor\" data-id=\"e170a7a\" data-element_type=\"widget\" data-e-type=\"widget\" data-widget_type=\"text-editor.default\">\n\t\t\t\t<div class=\"elementor-widget-container\">\n\t\t\t\t\t\t\t\t\t<p>Soupe de poisson fait maison<br \/>Croquettes crevettes fait maison<\/p><p>Croquettes aux fromage<br \/>Cassolette d\u2019escargots \u00e0 l\u2019ail, cr\u00e8me et pleurotes<br \/>Vitello tonnato<br \/>6 Hu\u00eetres \u201cGillardeau\u201c (+ 6,00)<br \/>Carpaccio de b\u0153uf, roquette et parmesan<\/p><p>Saumon fum\u00e9, oignons, persil et toast<\/p>\t\t\t\t\t\t\t\t<\/div>\n\t\t\t\t<\/div>\n\t\t\t\t<div class=\"elementor-element elementor-element-0ec812d elementor-widget elementor-widget-heading\" data-id=\"0ec812d\" data-element_type=\"widget\" data-e-type=\"widget\" data-widget_type=\"heading.default\">\n\t\t\t\t<div class=\"elementor-widget-container\">\n\t\t\t\t\t<h4 class=\"elementor-heading-title elementor-size-default\">Plat principal<\/h4>\t\t\t\t<\/div>\n\t\t\t\t<\/div>\n\t\t\t\t<div class=\"elementor-element elementor-element-6837798 elementor-widget-divider--view-line elementor-widget elementor-widget-divider\" data-id=\"6837798\" data-element_type=\"widget\" data-e-type=\"widget\" data-widget_type=\"divider.default\">\n\t\t\t\t<div class=\"elementor-widget-container\">\n\t\t\t\t\t\t\t<div class=\"elementor-divider\">\n\t\t\t<span class=\"elementor-divider-separator\">\n\t\t\t\t\t\t<\/span>\n\t\t<\/div>\n\t\t\t\t\t\t<\/div>\n\t\t\t\t<\/div>\n\t\t\t\t<div class=\"elementor-element elementor-element-c037756 elementor-widget elementor-widget-text-editor\" data-id=\"c037756\" data-element_type=\"widget\" data-e-type=\"widget\" data-widget_type=\"text-editor.default\">\n\t\t\t\t<div class=\"elementor-widget-container\">\n\t\t\t\t\t\t\t\t\t<p>Steak filet mignon grill\u00e9e avec b\u00e9arnaise<br \/>Vol-au-vent avec frites\u00a0<br \/>Entrec\u00f4te Belge grill\u00e9e bleu blanc (+ \u20ac3,00)<br \/>Lotte au poireau et pur\u00e9e<br \/>Bar grill\u00e9 avec sauce mousseline<\/p>\t\t\t\t\t\t\t\t<\/div>\n\t\t\t\t<\/div>\n\t\t\t\t<div class=\"elementor-element elementor-element-18a36c3 elementor-widget elementor-widget-heading\" data-id=\"18a36c3\" data-element_type=\"widget\" data-e-type=\"widget\" data-widget_type=\"heading.default\">\n\t\t\t\t<div class=\"elementor-widget-container\">\n\t\t\t\t\t<h4 class=\"elementor-heading-title elementor-size-default\">Dessert<\/h4>\t\t\t\t<\/div>\n\t\t\t\t<\/div>\n\t\t\t\t<div class=\"elementor-element elementor-element-ccb52e7 elementor-widget-divider--view-line elementor-widget elementor-widget-divider\" data-id=\"ccb52e7\" data-element_type=\"widget\" data-e-type=\"widget\" data-widget_type=\"divider.default\">\n\t\t\t\t<div class=\"elementor-widget-container\">\n\t\t\t\t\t\t\t<div class=\"elementor-divider\">\n\t\t\t<span class=\"elementor-divider-separator\">\n\t\t\t\t\t\t<\/span>\n\t\t<\/div>\n\t\t\t\t\t\t<\/div>\n\t\t\t\t<\/div>\n\t\t\t\t<div class=\"elementor-element elementor-element-bf5ced3 elementor-widget elementor-widget-text-editor\" data-id=\"bf5ced3\" data-element_type=\"widget\" data-e-type=\"widget\" data-widget_type=\"text-editor.default\">\n\t\t\t\t<div class=\"elementor-widget-container\">\n\t\t\t\t\t\t\t\t\t<p>Panna cotta<br \/>\nChocolademousse<br \/>\nTiramisu<br \/>\nDame Blanche<\/p>\n\t\t\t\t\t\t\t\t<\/div>\n\t\t\t\t<\/div>\n\t\t\t\t<div class=\"elementor-element elementor-element-daf1885 elementor-widget elementor-widget-heading\" data-id=\"daf1885\" data-element_type=\"widget\" data-e-type=\"widget\" data-widget_type=\"heading.default\">\n\t\t\t\t<div class=\"elementor-widget-container\">\n\t\t\t\t\t<h2 class=\"elementor-heading-title elementor-size-default\">\u20ac64,00 - CHANGEMENT DE MENU N\u2019EST PAS POSSIBLE<\/h2>\t\t\t\t<\/div>\n\t\t\t\t<\/div>\n\t\t\t\t<div class=\"elementor-element elementor-element-f26e595 elementor-mobile-align-center elementor-hidden-desktop elementor-hidden-tablet elementor-widget elementor-widget-global elementor-global-462 elementor-global-425 elementor-widget-button\" data-id=\"f26e595\" data-element_type=\"widget\" data-e-type=\"widget\" data-widget_type=\"button.default\">\n\t\t\t\t<div class=\"elementor-widget-container\">\n\t\t\t\t\t\t\t\t\t<div class=\"elementor-button-wrapper\">\n\t\t\t\t\t<a class=\"elementor-button elementor-button-link elementor-size-sm\" href=\"https:\/\/www.lepetitbedon.be\/fr\/carte-de-menu\/\">\n\t\t\t\t\t\t<span class=\"elementor-button-content-wrapper\">\n\t\t\t\t\t\t<span class=\"elementor-button-icon\">\n\t\t\t\t<i aria-hidden=\"true\" class=\"fas fa-long-arrow-alt-left\"><\/i>\t\t\t<\/span>\n\t\t\t\t\t\t\t\t\t<span class=\"elementor-button-text\">Retour \u00e0 l'aper\u00e7u<\/span>\n\t\t\t\t\t<\/span>\n\t\t\t\t\t<\/a>\n\t\t\t\t<\/div>\n\t\t\t\t\t\t\t\t<\/div>\n\t\t\t\t<\/div>\n\t\t\t\t\t<\/div>\n\t\t<\/div>\n\t\t\t\t\t<\/div>\n\t\t<\/section>\n\t\t\t\t<\/div>\n\t\t","protected":false},"excerpt":{"rendered":"<p>Starters Soupe de poisson fait maisonCroquettes crevettes fait maison Croquettes aux fromageCassolette d\u2019escargots \u00e0 l\u2019ail, cr\u00e8me et pleurotesVitello tonnato6 Hu\u00eetres \u201cGillardeau\u201c (+ 6,00)Carpaccio de b\u0153uf, roquette et parmesan Saumon fum\u00e9, oignons, persil et toast Plat principal Steak filet mignon grill\u00e9e avec b\u00e9arnaiseVol-au-vent avec frites\u00a0Entrec\u00f4te Belge grill\u00e9e bleu blanc (+ \u20ac3,00)Lotte au poireau et pur\u00e9eBar grill\u00e9 [&hellip;]<\/p>\n","protected":false},"author":1,"featured_media":0,"parent":0,"menu_order":0,"comment_status":"closed","ping_status":"closed","template":"elementor_header_footer","meta":{"footnotes":""},"class_list":["post-241","page","type-page","status-publish","hentry"],"yoast_head":"<!-- This site is optimized with the Yoast SEO plugin v26.9 - https:\/\/yoast.com\/product\/yoast-seo-wordpress\/ -->\n<title>Menu P&#039;tit Bedon - Le P\u2019tit Bedon<\/title>\n<meta name=\"description\" content=\"Vous pouvez \u00e9galement venir chez nous pour d\u00e9guster les plus d\u00e9licieux plats de grillades, toujours pr\u00e9par\u00e9s avec le plus grand soin dans le restaurant.\" \/>\n<meta name=\"robots\" content=\"index, follow, max-snippet:-1, max-image-preview:large, max-video-preview:-1\" \/>\n<link rel=\"canonical\" href=\"https:\/\/www.lepetitbedon.be\/fr\/menu-ptit-bedon\/\" \/>\n<meta property=\"og:locale\" content=\"fr_FR\" \/>\n<meta property=\"og:type\" content=\"article\" \/>\n<meta property=\"og:title\" content=\"Menu P&#039;tit Bedon - Le P\u2019tit Bedon\" \/>\n<meta property=\"og:description\" content=\"Vous pouvez \u00e9galement venir chez nous pour d\u00e9guster les plus d\u00e9licieux plats de grillades, toujours pr\u00e9par\u00e9s avec le plus grand soin dans le restaurant.\" \/>\n<meta property=\"og:url\" content=\"https:\/\/www.lepetitbedon.be\/fr\/menu-ptit-bedon\/\" \/>\n<meta property=\"og:site_name\" content=\"Le P\u2019tit Bedon\" \/>\n<meta property=\"article:modified_time\" content=\"2026-03-19T15:47:12+00:00\" \/>\n<meta name=\"twitter:card\" content=\"summary_large_image\" \/>\n<meta name=\"twitter:label1\" content=\"Dur\u00e9e de lecture est.\" \/>\n\t<meta name=\"twitter:data1\" content=\"1 minute\" \/>\n<script type=\"application\/ld+json\" class=\"yoast-schema-graph\">{\"@context\":\"https:\/\/schema.org\",\"@graph\":[{\"@type\":\"WebPage\",\"@id\":\"https:\/\/www.lepetitbedon.be\/fr\/menu-ptit-bedon\/\",\"url\":\"https:\/\/www.lepetitbedon.be\/fr\/menu-ptit-bedon\/\",\"name\":\"Menu P'tit Bedon - Le P\u2019tit Bedon\",\"isPartOf\":{\"@id\":\"https:\/\/www.lepetitbedon.be\/#website\"},\"datePublished\":\"2022-04-04T11:19:27+00:00\",\"dateModified\":\"2026-03-19T15:47:12+00:00\",\"description\":\"Vous pouvez \u00e9galement venir chez nous pour d\u00e9guster les plus d\u00e9licieux plats de grillades, toujours pr\u00e9par\u00e9s avec le plus grand soin dans le restaurant.\",\"breadcrumb\":{\"@id\":\"https:\/\/www.lepetitbedon.be\/fr\/menu-ptit-bedon\/#breadcrumb\"},\"inLanguage\":\"fr-BE\",\"potentialAction\":[{\"@type\":\"ReadAction\",\"target\":[\"https:\/\/www.lepetitbedon.be\/fr\/menu-ptit-bedon\/\"]}]},{\"@type\":\"BreadcrumbList\",\"@id\":\"https:\/\/www.lepetitbedon.be\/fr\/menu-ptit-bedon\/#breadcrumb\",\"itemListElement\":[{\"@type\":\"ListItem\",\"position\":1,\"name\":\"Home\",\"item\":\"https:\/\/www.lepetitbedon.be\/fr\/\"},{\"@type\":\"ListItem\",\"position\":2,\"name\":\"Menu P&#8217;tit Bedon\"}]},{\"@type\":\"WebSite\",\"@id\":\"https:\/\/www.lepetitbedon.be\/#website\",\"url\":\"https:\/\/www.lepetitbedon.be\/\",\"name\":\"Le P\u2019tit Bedon\",\"description\":\"Gezellig tafelen in een aangenaam, familiaal  kader en  een ontspannen sfeer\",\"publisher\":{\"@id\":\"https:\/\/www.lepetitbedon.be\/#organization\"},\"potentialAction\":[{\"@type\":\"SearchAction\",\"target\":{\"@type\":\"EntryPoint\",\"urlTemplate\":\"https:\/\/www.lepetitbedon.be\/?s={search_term_string}\"},\"query-input\":{\"@type\":\"PropertyValueSpecification\",\"valueRequired\":true,\"valueName\":\"search_term_string\"}}],\"inLanguage\":\"fr-BE\"},{\"@type\":\"Organization\",\"@id\":\"https:\/\/www.lepetitbedon.be\/#organization\",\"name\":\"Le P'tit Bedon\",\"url\":\"https:\/\/www.lepetitbedon.be\/\",\"logo\":{\"@type\":\"ImageObject\",\"inLanguage\":\"fr-BE\",\"@id\":\"https:\/\/www.lepetitbedon.be\/#\/schema\/logo\/image\/\",\"url\":\"https:\/\/www.lepetitbedon.be\/wp-content\/uploads\/2021\/11\/logo.png\",\"contentUrl\":\"https:\/\/www.lepetitbedon.be\/wp-content\/uploads\/2021\/11\/logo.png\",\"width\":600,\"height\":324,\"caption\":\"Le P'tit Bedon\"},\"image\":{\"@id\":\"https:\/\/www.lepetitbedon.be\/#\/schema\/logo\/image\/\"}}]}<\/script>\n<!-- \/ Yoast SEO plugin. -->","yoast_head_json":{"title":"Menu P'tit Bedon - Le P\u2019tit Bedon","description":"Vous pouvez \u00e9galement venir chez nous pour d\u00e9guster les plus d\u00e9licieux plats de grillades, toujours pr\u00e9par\u00e9s avec le plus grand soin dans le restaurant.","robots":{"index":"index","follow":"follow","max-snippet":"max-snippet:-1","max-image-preview":"max-image-preview:large","max-video-preview":"max-video-preview:-1"},"canonical":"https:\/\/www.lepetitbedon.be\/fr\/menu-ptit-bedon\/","og_locale":"fr_FR","og_type":"article","og_title":"Menu P'tit Bedon - Le P\u2019tit Bedon","og_description":"Vous pouvez \u00e9galement venir chez nous pour d\u00e9guster les plus d\u00e9licieux plats de grillades, toujours pr\u00e9par\u00e9s avec le plus grand soin dans le restaurant.","og_url":"https:\/\/www.lepetitbedon.be\/fr\/menu-ptit-bedon\/","og_site_name":"Le P\u2019tit Bedon","article_modified_time":"2026-03-19T15:47:12+00:00","twitter_card":"summary_large_image","twitter_misc":{"Dur\u00e9e de lecture est.":"1 minute"},"schema":{"@context":"https:\/\/schema.org","@graph":[{"@type":"WebPage","@id":"https:\/\/www.lepetitbedon.be\/fr\/menu-ptit-bedon\/","url":"https:\/\/www.lepetitbedon.be\/fr\/menu-ptit-bedon\/","name":"Menu P'tit Bedon - Le P\u2019tit Bedon","isPartOf":{"@id":"https:\/\/www.lepetitbedon.be\/#website"},"datePublished":"2022-04-04T11:19:27+00:00","dateModified":"2026-03-19T15:47:12+00:00","description":"Vous pouvez \u00e9galement venir chez nous pour d\u00e9guster les plus d\u00e9licieux plats de grillades, toujours pr\u00e9par\u00e9s avec le plus grand soin dans le restaurant.","breadcrumb":{"@id":"https:\/\/www.lepetitbedon.be\/fr\/menu-ptit-bedon\/#breadcrumb"},"inLanguage":"fr-BE","potentialAction":[{"@type":"ReadAction","target":["https:\/\/www.lepetitbedon.be\/fr\/menu-ptit-bedon\/"]}]},{"@type":"BreadcrumbList","@id":"https:\/\/www.lepetitbedon.be\/fr\/menu-ptit-bedon\/#breadcrumb","itemListElement":[{"@type":"ListItem","position":1,"name":"Home","item":"https:\/\/www.lepetitbedon.be\/fr\/"},{"@type":"ListItem","position":2,"name":"Menu P&#8217;tit Bedon"}]},{"@type":"WebSite","@id":"https:\/\/www.lepetitbedon.be\/#website","url":"https:\/\/www.lepetitbedon.be\/","name":"Le P\u2019tit Bedon","description":"Gezellig tafelen in een aangenaam, familiaal  kader en  een ontspannen sfeer","publisher":{"@id":"https:\/\/www.lepetitbedon.be\/#organization"},"potentialAction":[{"@type":"SearchAction","target":{"@type":"EntryPoint","urlTemplate":"https:\/\/www.lepetitbedon.be\/?s={search_term_string}"},"query-input":{"@type":"PropertyValueSpecification","valueRequired":true,"valueName":"search_term_string"}}],"inLanguage":"fr-BE"},{"@type":"Organization","@id":"https:\/\/www.lepetitbedon.be\/#organization","name":"Le P'tit Bedon","url":"https:\/\/www.lepetitbedon.be\/","logo":{"@type":"ImageObject","inLanguage":"fr-BE","@id":"https:\/\/www.lepetitbedon.be\/#\/schema\/logo\/image\/","url":"https:\/\/www.lepetitbedon.be\/wp-content\/uploads\/2021\/11\/logo.png","contentUrl":"https:\/\/www.lepetitbedon.be\/wp-content\/uploads\/2021\/11\/logo.png","width":600,"height":324,"caption":"Le P'tit Bedon"},"image":{"@id":"https:\/\/www.lepetitbedon.be\/#\/schema\/logo\/image\/"}}]}},"_links":{"self":[{"href":"https:\/\/www.lepetitbedon.be\/fr\/wp-json\/wp\/v2\/pages\/241","targetHints":{"allow":["GET"]}}],"collection":[{"href":"https:\/\/www.lepetitbedon.be\/fr\/wp-json\/wp\/v2\/pages"}],"about":[{"href":"https:\/\/www.lepetitbedon.be\/fr\/wp-json\/wp\/v2\/types\/page"}],"author":[{"embeddable":true,"href":"https:\/\/www.lepetitbedon.be\/fr\/wp-json\/wp\/v2\/users\/1"}],"replies":[{"embeddable":true,"href":"https:\/\/www.lepetitbedon.be\/fr\/wp-json\/wp\/v2\/comments?post=241"}],"version-history":[{"count":63,"href":"https:\/\/www.lepetitbedon.be\/fr\/wp-json\/wp\/v2\/pages\/241\/revisions"}],"predecessor-version":[{"id":2044,"href":"https:\/\/www.lepetitbedon.be\/fr\/wp-json\/wp\/v2\/pages\/241\/revisions\/2044"}],"wp:attachment":[{"href":"https:\/\/www.lepetitbedon.be\/fr\/wp-json\/wp\/v2\/media?parent=241"}],"curies":[{"name":"wp","href":"https:\/\/api.w.org\/{rel}","templated":true}]}}